{"id":54660,"date":"2024-01-29T05:39:36","date_gmt":"2024-01-29T05:39:36","guid":{"rendered":"https:\/\/mahhalcom.molvp.net\/?post_type=product&#038;p=54660"},"modified":"2025-11-30T09:26:44","modified_gmt":"2025-11-30T06:26:44","slug":"office-seat-cushion-memory-foam","status":"publish","type":"product","link":"https:\/\/mahhalcom.com\/ar\/product\/office-seat-cushion-memory-foam\/","title":{"rendered":"\u0648\u0633\u0627\u062f\u0629 \u0645\u0642\u0639\u062f \u0645\u0643\u062a\u0628\u064a\u0629 \u0645\u0646 \u0627\u0644\u0625\u0633\u0641\u0646\u062c \u0627\u0644\u0630\u0643\u064a"},"content":{"rendered":"<p style=\"text-align: center;\">\u0627\u0644\u0645\u0648\u062f\u064a\u0644: \u0648\u0633\u0627\u062f\u0629 \u0645\u0642\u0627\u0648\u0645\u0629 \u0625\u0633\u0641\u0646\u062c\u064a\u0629<\/p>\n<p style=\"text-align: center;\">\u0627\u0644\u0645\u0627\u062f\u0629: \u0628\u0648\u0644\u064a \u0625\u064a\u062b\u0631 \u0628\u0648\u0644\u064a \u064a\u0648\u0631\u064a\u062b\u0627\u0646 \u0648\u0631\u063a\u0648\u0629<\/p>\n<p style=\"text-align: center;\">\u0627\u0644\u0644\u0648\u0646: 5 \u0623\u0644\u0648\u0627\u0646<\/p>\n<p style=\"text-align: center;\">\u0627\u0644\u062d\u062c\u0645: 44\u00d734 \u0633\u0645<\/p>\n<p style=\"text-align: center;\">\u0645\u062d\u062a\u0648\u064a\u0627\u062a \u0627\u0644\u0639\u0628\u0648\u0629: \u0648\u0633\u0627\u062f\u0629 \u0645\u0642\u0639\u062f \u0648\u0627\u062d\u062f\u0629 \u0645\u0646 \u0627\u0644\u0625\u0633\u0641\u0646\u062c \u0627\u0644\u0630\u0643\u064a<\/p>\n<p style=\"text-align: center;\">\u0633\u0645\u0627\u062a:<\/p>\n<p style=\"text-align: center;\">1. \u0627\u0633\u062a\u062e\u062f\u0627\u0645 \u0627\u0644\u0628\u0648\u0644\u064a \u064a\u0648\u0631\u064a\u062b\u0627\u0646 (\u0627\u0644\u0645\u0639\u0631\u0648\u0641 \u0628\u0627\u0633\u0645 \u0627\u0644\u0625\u0633\u0641\u0646\u062c \u0627\u0644\u0645\u0642\u0627\u0648\u0645) \u0648\u0645\u0648\u0627\u062f \u062c\u062f\u064a\u062f\u0629 \u0623\u062e\u0631\u0649\u060c,<\/p>\n<p style=\"text-align: center;\">\u064a\u062e\u0641\u0641 \u0628\u0634\u0643\u0644 \u0641\u0639\u0627\u0644 \u0645\u0646 \u0625\u062c\u0647\u0627\u062f \u0627\u0644\u062c\u0644\u0648\u0633 \u0623\u0648 \u0627\u0644\u062a\u0646\u0645\u064a\u0644<\/p>\n<p style=\"text-align: center;\">\u0627\u0644\u0634\u0643\u0627\u0648\u0649 \u0648\u0627\u0644\u0634\u0631\u0648\u0637 \u0627\u0644\u0623\u062e\u0631\u0649.<\/p>\n<p style=\"text-align: center;\">2. \u0627\u0628\u062a\u0643\u0627\u0631 \u0627\u0644\u0634\u0643\u0644 \u0648\u0627\u0644\u062a\u0643\u0648\u064a\u0646<\/p>\n<p style=\"text-align: center;\">\u0645\u0635\u0645\u0645 \u062e\u0635\u064a\u0635\u064b\u0627 \u0644\u0637\u0628\u0627\u0639\u0629 \u0623\u0639\u0644\u0649 \u062f\u0631\u062c\u0627\u062a \u0627\u0644\u0646\u0642\u0634 \u0627\u0644\u0628\u0627\u0631\u0632<\/p>\n<p style=\"text-align: center;\">3. \u062e\u0627\u0635\u0629 \u0644\u0636\u063a\u0637 \u0627\u0644\u0639\u0635\u0628 \u0627\u0644\u0648\u0631\u0643\u064a<\/p>\n<p style=\"text-align: center;\">\u064a\u062a\u0645\u064a\u0632 \u0627\u0644\u0639\u0635\u0628 \u0628\u062a\u062d\u0644\u0644 \u0636\u063a\u0637 \u062c\u064a\u062f \u0644\u0644\u063a\u0627\u064a\u0629.<\/p>\n<p style=\"text-align: center;\">4. \u062a\u0648\u0632\u064a\u0639 \u0627\u0644\u062c\u0633\u0645 \u0628\u0627\u0644\u062a\u0633\u0627\u0648\u064a \u0648\u0628\u0643\u0641\u0627\u0621\u0629 \u0644\u062a\u062e\u0641\u064a\u0641 \u0627\u0644\u0623\u0644\u0645 \u0644\u062f\u0649 \u0627\u0644\u0641\u0631\u062f<\/p>\n<p style=\"text-align: center;\">\u0623\u062c\u0632\u0627\u0621 \u0645\u0646 \u0627\u0644\u0639\u0635\u0639\u0635 \u0648\u0627\u0644\u0639\u0645\u0648\u062f \u0627\u0644\u0641\u0642\u0631\u064a \u0628\u0627\u0644\u0625\u0636\u0627\u0641\u0629 \u0625\u0644\u0649 \u0627\u0644\u0645\u0641\u0627\u0635\u0644<\/p>\n<p style=\"text-align: center;\">5. \u0633\u062d\u0627\u0628\u060c \u063a\u0637\u0627\u0621 \u0642\u0627\u0628\u0644 \u0644\u0644\u063a\u0633\u0644\u060c \u0648\u0645\u0627\u062f\u0629 \u062a\u0633\u0645\u062d \u0628\u0645\u0631\u0648\u0631 \u0627\u0644\u0647\u0648\u0627\u0621<\/p>\n<div style=\"text-align: center;\">\n<p class=\"detail-desc-decorate-title\">\u0648\u0633\u0627\u062f\u0629 \u0635\u064a\u0641\u064a\u0629 \u0644\u0644\u0639\u0635\u0639\u0635\u060c \u0642\u0637\u0639\u0629 \u0648\u0627\u062d\u062f\u0629\u060c \u0645\u0635\u0646\u0648\u0639\u0629 \u0645\u0646 \u0642\u0645\u0627\u0634 \u0645\u062e\u0645\u0644\u064a\u060c \u0625\u0633\u0641\u0646\u062c \u0645\u064a\u0645\u0648\u0631\u064a \u0641\u0648\u0645 \u0628\u0637\u064a\u0621 \u0627\u0644\u0627\u0631\u062a\u062f\u0627\u062f\u060c \u0644\u062a\u062e\u0641\u064a\u0641 \u0622\u0644\u0627\u0645 \u0627\u0644\u0639\u0635\u0639\u0635\u060c \u0645\u0646\u0627\u0633\u0628\u0629 \u0644\u0644\u0645\u0643\u062a\u0628 \u0648\u0627\u0644\u0633\u064a\u0627\u0631\u0629 \u0648\u0627\u0644\u0645\u0646\u0632\u0644.<\/p>\n<\/div>\n<div style=\"text-align: center;\"><img data-recalc-dims=\"1\" decoding=\"async\" class=\"detail-desc-decorate-image\" src=\"https:\/\/i0.wp.com\/ae01.alicdn.com\/kf\/Sf7d70a97148f4739ad9232d0192ecfdcm.jpg?w=1020&#038;ssl=1\" \/><\/div>\n<div style=\"text-align: center;\">\n<p class=\"detail-desc-decorate-title\">\u0627\u0633\u062a\u062e\u062f\u0645 \u0639\u0631\u0636 \u0627\u0644\u0645\u0634\u0647\u062f<\/p>\n<p class=\"detail-desc-decorate-content\">- \u0645\u062f\u0639\u0648\u0645 \u0645\u0646 \u0627\u0644\u062c\u0627\u0646\u0628\u064a\u0646\u060c \u0623\u0643\u062b\u0631 \u0645\u0644\u0627\u0621\u0645\u0629\u064b \u0644\u062a\u0642\u0648\u0633 \u0627\u0644\u0648\u0631\u0643. - \u064a\u064f\u0646\u0627\u0633\u0628 \u062a\u0642\u0648\u0633 \u0627\u0644\u0648\u0631\u0643\u060c \u0648\u064a\u064f\u062e\u0641\u0641 \u0627\u0644\u0636\u063a\u0637 \u0639\u0644\u064a\u0647\u060c \u0648\u064a\u0642\u064a \u0645\u0646 \u0638\u0647\u0648\u0631 \u062d\u0628 \u0627\u0644\u0634\u0628\u0627\u0628. - \u064a\u062f\u0639\u0645 \u0641\u0642\u0631\u0627\u062a \u0627\u0644\u0630\u064a\u0644 \u0648\u064a\u064f\u062e\u0641\u0641 \u0627\u0644\u0636\u063a\u0637 \u0639\u0644\u0649 \u0627\u0644\u0623\u0631\u062f\u0627\u0641. - \u062f\u0639\u0645 \u062b\u0644\u0627\u062b\u064a \u0627\u0644\u0623\u0628\u0639\u0627\u062f\u060c \u064a\u064f\u0639\u0646\u0649 \u0628\u0641\u0642\u0631\u0627\u062a \u0627\u0644\u0630\u064a\u0644\u060c \u0648\u064a\u064f\u0646\u0627\u0633\u0628 \u062a\u0642\u0648\u0633 \u0627\u0644\u0648\u0631\u0643. - \u064a\u064f\u0635\u062d\u062d \u0648\u0636\u0639\u064a\u0629 \u0627\u0644\u062c\u0644\u0648\u0633.<\/p>\n<\/div>\n<div style=\"text-align: center;\"><img data-recalc-dims=\"1\" decoding=\"async\" class=\"detail-desc-decorate-image aligncenter\" src=\"https:\/\/i0.wp.com\/ae01.alicdn.com\/kf\/S7a29a1b6984d4c63a932e199cbbfacbaC.jpg?w=1020&#038;ssl=1\" \/>\u00a0<img data-recalc-dims=\"1\" decoding=\"async\" class=\"detail-desc-decorate-image aligncenter\" src=\"https:\/\/i0.wp.com\/ae01.alicdn.com\/kf\/S0dcbdacaae7f4eda9898e7d181c047f4c.jpg?w=1020&#038;ssl=1\" \/>\u00a0<img data-recalc-dims=\"1\" decoding=\"async\" class=\"detail-desc-decorate-image\" src=\"https:\/\/i0.wp.com\/ae01.alicdn.com\/kf\/Sf7c699197f444f75a77095e33baf7813m.jpg?w=1020&#038;ssl=1\" \/><\/div>\n<div style=\"text-align: center;\">\n<p class=\"detail-desc-decorate-title\">\u0645\u0642\u0627\u0633<\/p>\n<p class=\"detail-desc-decorate-content\">-45\u00d735\u00d77\u00d75 \u0633\u0645<\/p>\n<\/div>\n<div><img data-recalc-dims=\"1\" decoding=\"async\" class=\"detail-desc-decorate-image aligncenter\" src=\"https:\/\/i0.wp.com\/ae01.alicdn.com\/kf\/S8f87cff2e99141d99afc375ba07fd619p.jpg?w=1020&#038;ssl=1\" \/><\/div>","protected":false},"excerpt":{"rendered":"<p>Model: Sponge resistance cushion Material: polyether polyurethane &amp; foam Color: 5 color size: 44&#215;34 cm Packed: 1 x memory foam seat cushion features: 1. The use of polyurethane (commonly known as resistance sponge) and other new materials, effectively alleviate sitting fatigue or tingling complaints and other conditions. 2. Invent shape, shape, and composition Specially designed [&#8230;]\n","protected":false},"featured_media":152970,"comment_status":"closed","ping_status":"closed","template":"","meta":{"jetpack_publicize_message":"","jetpack_publicize_feature_enabled":true,"jetpack_social_post_already_shared":false,"jetpack_social_options":{"image_generator_settings":{"template":"highway","default_image_id":0,"font":"","enabled":false},"version":2}},"product_brand":[],"product_cat":[148,274,284,250],"product_tag":[],"class_list":{"0":"post-54660","1":"product","2":"type-product","3":"status-publish","4":"has-post-thumbnail","6":"product_cat-car-accessories","7":"product_cat-chair","8":"product_cat-gadget","9":"product_cat-home","11":"first","12":"outofstock","13":"taxable","14":"shipping-taxable","15":"purchasable","16":"product-type-simple"},"aioseo_notices":[],"jetpack_publicize_connections":[],"jetpack_sharing_enabled":true,"_links":{"self":[{"href":"https:\/\/mahhalcom.com\/ar\/wp-json\/wp\/v2\/product\/54660","targetHints":{"allow":["GET"]}}],"collection":[{"href":"https:\/\/mahhalcom.com\/ar\/wp-json\/wp\/v2\/product"}],"about":[{"href":"https:\/\/mahhalcom.com\/ar\/wp-json\/wp\/v2\/types\/product"}],"replies":[{"embeddable":true,"href":"https:\/\/mahhalcom.com\/ar\/wp-json\/wp\/v2\/comments?post=54660"}],"version-history":[{"count":0,"href":"https:\/\/mahhalcom.com\/ar\/wp-json\/wp\/v2\/product\/54660\/revisions"}],"wp:featuredmedia":[{"embeddable":true,"href":"https:\/\/mahhalcom.com\/ar\/wp-json\/wp\/v2\/media\/152970"}],"wp:attachment":[{"href":"https:\/\/mahhalcom.com\/ar\/wp-json\/wp\/v2\/media?parent=54660"}],"wp:term":[{"taxonomy":"product_brand","embeddable":true,"href":"https:\/\/mahhalcom.com\/ar\/wp-json\/wp\/v2\/product_brand?post=54660"},{"taxonomy":"product_cat","embeddable":true,"href":"https:\/\/mahhalcom.com\/ar\/wp-json\/wp\/v2\/product_cat?post=54660"},{"taxonomy":"product_tag","embeddable":true,"href":"https:\/\/mahhalcom.com\/ar\/wp-json\/wp\/v2\/product_tag?post=54660"}],"curies":[{"name":"\u0648\u0648\u0631\u062f\u0628\u0631\u064a\u0633","href":"https:\/\/api.w.org\/{rel}","templated":true}]}}