{"id":61559,"date":"2024-01-29T16:15:42","date_gmt":"2024-01-29T16:15:42","guid":{"rendered":"https:\/\/mahhalcom.molvp.net\/?post_type=product&#038;p=61559"},"modified":"2026-04-02T21:14:58","modified_gmt":"2026-04-02T18:14:58","slug":"foldable-laundry-basket-with-cover-large-oxford-cloth-clothes-hamper","status":"publish","type":"product","link":"https:\/\/mahhalcom.com\/ar\/product\/foldable-laundry-basket-with-cover-large-oxford-cloth-clothes-hamper\/","title":{"rendered":"\u0633\u0644\u0629 \u063a\u0633\u064a\u0644 \u0642\u0627\u0628\u0644\u0629 \u0644\u0644\u0637\u064a \u0645\u0639 \u063a\u0637\u0627\u0621"},"content":{"rendered":"<p style=\"text-align: center;\">Keep your home organized and clutter-free with this Foldable Laundry Basket with Cover, crafted from durable Oxford cloth and designed for everyday convenience. Whether used to store dirty clothes, clean laundry, towels, pillows, or plush toys, this versatile basket is the perfect addition to any room.<\/p>\n<p style=\"text-align: center;\">The portable design makes it easy to move between the bathroom, bedroom, balcony, or laundry room. The cover keeps clothes clean, tidy, and dust-free, while the detachable aluminum frame allows for quick setup and compact storage when not in use. Plus, it\u2019s washable by hand or machine, ensuring long-lasting freshness and durability.<\/p>\n<p style=\"text-align: center;\">\u2705 \u0627\u0644\u0645\u064a\u0632\u0627\u062a \u0627\u0644\u0631\u0626\u064a\u0633\u064a\u0629<\/p>\n<p style=\"text-align: center;\">\ud83e\uddfa Multi-Purpose Use \u2013 Ideal for dirty clothes, clean laundry, pillows, towels, or toys<\/p>\n<p style=\"text-align: center;\">\ud83d\udeaa Cover Design \u2013 Keeps items clean, tidy, and dust-free<\/p>\n<p style=\"text-align: center;\">\ud83d\udd04 Foldable &amp; Portable \u2013 Lightweight and easy to carry anywhere<\/p>\n<p style=\"text-align: center;\">\ud83d\udee0\ufe0f Detachable Aluminum Frame \u2013 Quick to assemble, folds away for compact storage<\/p>\n<p style=\"text-align: center;\">\ud83d\udca6 Easy to Clean \u2013 Made of Oxford cloth, hand or machine washable<\/p>\n<p style=\"text-align: center;\">\ud83c\udfa8 Color Options \u2013 Available in Black \/ White \/ Beige<\/p>\n<p style=\"text-align: center;\">\ud83d\udce6 \u0627\u0644\u0645\u0648\u0627\u0635\u0641\u0627\u062a<\/p>\n<p style=\"text-align: center;\">Material: Oxford Cloth + Aluminum Frame<\/p>\n<p style=\"text-align: center;\">Size: 58 \u00d7 38 \u00d7 38 cm (1.9 \u00d7 1.2 \u00d7 1.2 ft)<\/p>\n<p style=\"text-align: center;\">Weight: 596g (Basket) \/ 700g (With packaging)<\/p>\n<p style=\"text-align: center;\">Package Size: 29 \u00d7 17.5 \u00d7 6 cm<\/p>\n<p style=\"text-align: center;\">\ud83d\udce6 \u0645\u062d\u062a\u0648\u064a\u0627\u062a \u0627\u0644\u0639\u0628\u0648\u0629<br \/>\n1 \u00d7 Laundry Basket<\/p>\n<p style=\"text-align: center;\">\ud83d\udee1\ufe0f \u0627\u0644\u0636\u0645\u0627\u0646<br \/>\n\u0636\u0645\u0627\u0646 \u0627\u0633\u062a\u0628\u062f\u0627\u0644 \u0644\u0645\u062f\u0629 14 \u064a\u0648\u0645\u064b\u0627 - \u0633\u064a\u062a\u0645 \u0627\u0633\u062a\u0628\u062f\u0627\u0644 \u0627\u0644\u0645\u0646\u062a\u062c\u0627\u062a \u0627\u0644\u0645\u0639\u064a\u0628\u0629.<\/p>\n<p style=\"text-align: center;\">\u2728\ud83c\uddf0\ud83c\uddfc \u0633\u062a\u062c\u062f\u0648\u0646 \u062f\u0627\u0626\u0645\u0627\u064b \u0647\u0630\u0647 \u0627\u0644\u0623\u062f\u0648\u0627\u062a \u0627\u0644\u0645\u0630\u0647\u0644\u0629 \u0648\u0627\u0644\u0645\u0646\u062a\u062c\u0627\u062a \u0627\u0644\u0641\u0631\u064a\u062f\u0629 \u0641\u064a \u0645\u062d\u0644\u0643\u0645 MAHHALCOM \u2728\ud83c\uddf0\ud83c\uddfc<\/p>\n<div class=\"magic-2\" style=\"text-align: center;\"><img data-recalc-dims=\"1\" decoding=\"async\" class=\"magic-3\" src=\"https:\/\/i0.wp.com\/s.alicdn.com\/%40sc04\/kf\/Hffd247dc7ba94d708ef53587965a823am\/251986612\/Hffd247dc7ba94d708ef53587965a823am.jpg?w=1020&#038;ssl=1\" data-src=\"\/\/s.alicdn.com\/@sc04\/kf\/Hffd247dc7ba94d708ef53587965a823am\/251986612\/Hffd247dc7ba94d708ef53587965a823am.jpg?quality=close\" \/><\/div>\n<div class=\"magic-2\" style=\"text-align: center;\"><img data-recalc-dims=\"1\" decoding=\"async\" class=\"magic-3\" src=\"https:\/\/i0.wp.com\/s.alicdn.com\/%40sc04\/kf\/H8279abbfc5094140920971362a981c30I\/251986612\/H8279abbfc5094140920971362a981c30I.jpg?w=1020&#038;ssl=1\" data-src=\"\/\/s.alicdn.com\/@sc04\/kf\/H8279abbfc5094140920971362a981c30I\/251986612\/H8279abbfc5094140920971362a981c30I.jpg?quality=close\" \/><\/div>\n<div class=\"magic-2\" style=\"text-align: center;\"><img data-recalc-dims=\"1\" decoding=\"async\" class=\"magic-3\" src=\"https:\/\/i0.wp.com\/s.alicdn.com\/%40sc04\/kf\/H32a031f853e144edb5ddca59dee541fbl\/251986612\/H32a031f853e144edb5ddca59dee541fbl.jpg?w=1020&#038;ssl=1\" data-src=\"\/\/s.alicdn.com\/@sc04\/kf\/H32a031f853e144edb5ddca59dee541fbl\/251986612\/H32a031f853e144edb5ddca59dee541fbl.jpg?quality=close\" \/><\/div>\n<div class=\"magic-2\" style=\"text-align: center;\"><img data-recalc-dims=\"1\" decoding=\"async\" class=\"magic-3\" src=\"https:\/\/i0.wp.com\/s.alicdn.com\/%40sc04\/kf\/Hceb73b9772fa40a8b2d6cb75179db1e1W\/251986612\/Hceb73b9772fa40a8b2d6cb75179db1e1W.jpg?w=1020&#038;ssl=1\" data-src=\"\/\/s.alicdn.com\/@sc04\/kf\/Hceb73b9772fa40a8b2d6cb75179db1e1W\/251986612\/Hceb73b9772fa40a8b2d6cb75179db1e1W.jpg?quality=close\" \/><\/div>\n<div class=\"magic-2\" style=\"text-align: center;\"><img data-recalc-dims=\"1\" decoding=\"async\" class=\"magic-3\" src=\"https:\/\/i0.wp.com\/s.alicdn.com\/%40sc04\/kf\/H7fb56655b95f43dc982ae28e8014b73bB\/251986612\/H7fb56655b95f43dc982ae28e8014b73bB.jpg?w=1020&#038;ssl=1\" data-src=\"\/\/s.alicdn.com\/@sc04\/kf\/H7fb56655b95f43dc982ae28e8014b73bB\/251986612\/H7fb56655b95f43dc982ae28e8014b73bB.jpg?quality=close\" \/><\/div>\n<div class=\"magic-2\" style=\"text-align: center;\"><img data-recalc-dims=\"1\" decoding=\"async\" class=\"magic-3\" src=\"https:\/\/i0.wp.com\/s.alicdn.com\/%40sc04\/kf\/H5438735ffa90407db2967395e8f16d0aG\/251986612\/H5438735ffa90407db2967395e8f16d0aG.jpg?w=1020&#038;ssl=1\" data-src=\"\/\/s.alicdn.com\/@sc04\/kf\/H5438735ffa90407db2967395e8f16d0aG\/251986612\/H5438735ffa90407db2967395e8f16d0aG.jpg?quality=close\" \/><\/div>\n<div class=\"magic-2\" style=\"text-align: center;\"><img data-recalc-dims=\"1\" decoding=\"async\" class=\"magic-3\" src=\"https:\/\/i0.wp.com\/s.alicdn.com\/%40sc04\/kf\/H722c4fbdb65e49bab30dbe6ae3d15740J\/251986612\/H722c4fbdb65e49bab30dbe6ae3d15740J.jpg?w=1020&#038;ssl=1\" data-src=\"\/\/s.alicdn.com\/@sc04\/kf\/H722c4fbdb65e49bab30dbe6ae3d15740J\/251986612\/H722c4fbdb65e49bab30dbe6ae3d15740J.jpg?quality=close\" \/><\/div>\n<div class=\"magic-2\" style=\"text-align: center;\"><img data-recalc-dims=\"1\" decoding=\"async\" class=\"magic-3\" src=\"https:\/\/i0.wp.com\/s.alicdn.com\/%40sc04\/kf\/H3268382ba28549b5a25c225bceb7c811A\/251986612\/H3268382ba28549b5a25c225bceb7c811A.jpg?w=1020&#038;ssl=1\" data-src=\"\/\/s.alicdn.com\/@sc04\/kf\/H3268382ba28549b5a25c225bceb7c811A\/251986612\/H3268382ba28549b5a25c225bceb7c811A.jpg?quality=close\" \/><\/div>\n<div class=\"magic-2\"><img data-recalc-dims=\"1\" decoding=\"async\" class=\"magic-3 aligncenter\" src=\"https:\/\/i0.wp.com\/s.alicdn.com\/%40sc04\/kf\/Hb665088ac7704491b1370c039c0d74d75\/251986612\/Hb665088ac7704491b1370c039c0d74d75.jpg?w=1020&#038;ssl=1\" data-src=\"\/\/s.alicdn.com\/@sc04\/kf\/Hb665088ac7704491b1370c039c0d74d75\/251986612\/Hb665088ac7704491b1370c039c0d74d75.jpg?quality=close\" data-spm-anchor-id=\"a2700.details.0.i6.6a9f1a59Fjfstt\" \/><\/div>","protected":false},"excerpt":{"rendered":"<p data-start=\"1803\" data-end=\"1969\">Durable Oxford cloth laundry basket with cover \u2013 foldable, washable, and portable design, perfect for clothes, pillows, and home storage.<\/p>","protected":false},"featured_media":122746,"comment_status":"closed","ping_status":"closed","template":"","meta":{"jetpack_publicize_message":"","jetpack_publicize_feature_enabled":true,"jetpack_social_post_already_shared":false,"jetpack_social_options":{"image_generator_settings":{"template":"highway","default_image_id":0,"font":"","enabled":false},"version":2}},"product_brand":[],"product_cat":[250,324,360],"product_tag":[1131,1133,1132,1130,1134],"class_list":{"0":"post-61559","1":"product","2":"type-product","3":"status-publish","4":"has-post-thumbnail","6":"product_cat-home","7":"product_cat-landry-room-accessories","8":"product_cat-laundry-basket","9":"product_tag-black-white-beige-laundry-hamper","10":"product_tag-foldable-laundry-bin","11":"product_tag-lightweight-clothes-organizer","12":"product_tag-ox-cloth-laundry-basket","13":"product_tag-space-saving-laundry-storage","15":"first","16":"outofstock","17":"taxable","18":"shipping-taxable","19":"purchasable","20":"product-type-simple"},"aioseo_notices":[],"jetpack_publicize_connections":[],"jetpack_sharing_enabled":true,"_links":{"self":[{"href":"https:\/\/mahhalcom.com\/ar\/wp-json\/wp\/v2\/product\/61559","targetHints":{"allow":["GET"]}}],"collection":[{"href":"https:\/\/mahhalcom.com\/ar\/wp-json\/wp\/v2\/product"}],"about":[{"href":"https:\/\/mahhalcom.com\/ar\/wp-json\/wp\/v2\/types\/product"}],"replies":[{"embeddable":true,"href":"https:\/\/mahhalcom.com\/ar\/wp-json\/wp\/v2\/comments?post=61559"}],"version-history":[{"count":0,"href":"https:\/\/mahhalcom.com\/ar\/wp-json\/wp\/v2\/product\/61559\/revisions"}],"wp:featuredmedia":[{"embeddable":true,"href":"https:\/\/mahhalcom.com\/ar\/wp-json\/wp\/v2\/media\/122746"}],"wp:attachment":[{"href":"https:\/\/mahhalcom.com\/ar\/wp-json\/wp\/v2\/media?parent=61559"}],"wp:term":[{"taxonomy":"product_brand","embeddable":true,"href":"https:\/\/mahhalcom.com\/ar\/wp-json\/wp\/v2\/product_brand?post=61559"},{"taxonomy":"product_cat","embeddable":true,"href":"https:\/\/mahhalcom.com\/ar\/wp-json\/wp\/v2\/product_cat?post=61559"},{"taxonomy":"product_tag","embeddable":true,"href":"https:\/\/mahhalcom.com\/ar\/wp-json\/wp\/v2\/product_tag?post=61559"}],"curies":[{"name":"\u0648\u0648\u0631\u062f\u0628\u0631\u064a\u0633","href":"https:\/\/api.w.org\/{rel}","templated":true}]}}